{"id":203,"date":"2023-01-06T09:24:38","date_gmt":"2023-01-06T01:24:38","guid":{"rendered":"http:\/\/www.philande.com\/?page_id=203"},"modified":"2023-01-31T16:08:37","modified_gmt":"2023-01-31T08:08:37","slug":"story","status":"publish","type":"page","link":"https:\/\/www.philande.com\/index.php\/de\/story\/","title":{"rendered":"\u00dcber uns"},"content":{"rendered":"<section class=\"l-section wpb_row us_custom_04443154 height_auto full_height valign_center with_img\"><div class=\"l-section-img\" style=\"background-image: url(https:\/\/www.philande.com\/wp-content\/uploads\/2022\/12\/banner1.jpg);\" data-img-width=\"1920\" data-img-height=\"760\"><\/div><div class=\"l-section-h i-cf\"><div class=\"g-cols vc_row via_grid cols_1 laptops-cols_inherit tablets-cols_inherit mobiles-cols_1 valign_middle type_default\"><div class=\"wpb_column vc_column_container\"><div class=\"vc_column-inner\"><div class=\"w-separator size_custom\" style=\"height:80px\"><\/div><div class=\"wpb_text_column us_custom_b1527c62\"><div class=\"wpb_wrapper\"><p>Deutsche Filand Group Co., Ltd.<\/p>\n<\/div><\/div><div class=\"w-separator size_custom\" style=\"height:30px\"><\/div><div class=\"wpb_text_column\"><div class=\"wpb_wrapper\"><p>&#8220;PHILANDE&#8221; ist eine bekannte Marke im Bereich \u00dcbertragungssysteme in Deutschland, die zu GERMANY FEILANDE GROUP CO., LIMITED (Germany Feilande Group Co., Ltd.) geh\u00f6rt.<\/p>\n<p>&#8220;PHILANDE&#8221; nutzt die fortschrittliche Kerntechnologie des deutschen PHILANDE vollst\u00e4ndig aus &#8212; &#8220;Gapless Link passt zum \u00dcbertragungssystem&#8221;, innoviert die Produkte der Reduziererserie, integriert und optimiert die \u00dcbertragungssysteml\u00f6sung und setzt die strengen und anspruchsvollen Produktionsmanagementstandards Deutschlands strikt um PHILANDE. Implementieren Sie den standardisierten Produktionsprozess vollst\u00e4ndig, um die perfekte Pr\u00e4sentation des PHILANDE-Getriebeentwicklungskonzepts zu gew\u00e4hrleisten und qualitativ hochwertige Produkte f\u00fcr globale Benutzer bereitzustellen. Deutsche Technologie treibt die Zukunft! PHILANDE-Getriebe schafft weiterhin Wert f\u00fcr mechanische Ausr\u00fcstung, um eine sicherere, stabilere und effizientere Produktionsleistung zu erzielen.<\/p>\n<\/div><\/div><div class=\"w-separator size_custom\" style=\"height:80px\"><\/div><\/div><\/div><\/div><\/div><\/section>\n","protected":false},"excerpt":{"rendered":"Deutsche Filand Group Co., Ltd. &#8220;PHILANDE&#8221; ...","protected":false},"author":1,"featured_media":0,"parent":0,"menu_order":0,"comment_status":"closed","ping_status":"closed","template":"","meta":{"footnotes":""},"class_list":["post-203","page","type-page","status-publish","hentry"],"lang":"de","translations":{"de":203,"en":202,"zh":145},"pll_sync_post":[],"_links":{"self":[{"href":"https:\/\/www.philande.com\/index.php\/wp-json\/wp\/v2\/pages\/203","targetHints":{"allow":["GET"]}}],"collection":[{"href":"https:\/\/www.philande.com\/index.php\/wp-json\/wp\/v2\/pages"}],"about":[{"href":"https:\/\/www.philande.com\/index.php\/wp-json\/wp\/v2\/types\/page"}],"author":[{"embeddable":true,"href":"https:\/\/www.philande.com\/index.php\/wp-json\/wp\/v2\/users\/1"}],"replies":[{"embeddable":true,"href":"https:\/\/www.philande.com\/index.php\/wp-json\/wp\/v2\/comments?post=203"}],"version-history":[{"count":0,"href":"https:\/\/www.philande.com\/index.php\/wp-json\/wp\/v2\/pages\/203\/revisions"}],"wp:attachment":[{"href":"https:\/\/www.philande.com\/index.php\/wp-json\/wp\/v2\/media?parent=203"}],"curies":[{"name":"wp","href":"https:\/\/api.w.org\/{rel}","templated":true}]}}